{"id":15,"date":"2024-05-27T13:06:28","date_gmt":"2024-05-27T13:06:28","guid":{"rendered":"https:\/\/vitruvex.com\/?page_id=15"},"modified":"2025-11-23T12:40:21","modified_gmt":"2025-11-23T12:40:21","slug":"coming-soon-five","status":"publish","type":"page","link":"https:\/\/vitruvex.com\/","title":{"rendered":"Coming Soon Five"},"content":{"rendered":"\t\t<div data-elementor-type=\"wp-page\" data-elementor-id=\"15\" class=\"elementor elementor-15\">\n\t\t\t\t\t\t<section class=\"elementor-section elementor-top-section elementor-element elementor-element-7941465f elementor-section-full_width elementor-section-height-full coming-soon-tem5 elementor-section-content-middle elementor-section-height-default elementor-section-items-middle\" data-id=\"7941465f\" data-element_type=\"section\" data-settings=\"{&quot;background_background&quot;:&quot;classic&quot;}\">\n\t\t\t\t\t\t<div class=\"elementor-container elementor-column-gap-narrow\">\n\t\t\t\t\t<div class=\"elementor-column elementor-col-100 elementor-top-column elementor-element elementor-element-3cd6ee4 coming-soon-tem-cont\" data-id=\"3cd6ee4\" data-element_type=\"column\">\n\t\t\t<div class=\"elementor-widget-wrap elementor-element-populated\">\n\t\t\t\t\t\t<section class=\"elementor-section elementor-inner-section elementor-element elementor-element-50d58c4d coming-soon-mid-cont elementor-section-boxed elementor-section-height-default elementor-section-height-default\" data-id=\"50d58c4d\" data-element_type=\"section\">\n\t\t\t\t\t\t<div class=\"elementor-container elementor-column-gap-default\">\n\t\t\t\t\t<div class=\"elementor-column elementor-col-100 elementor-inner-column elementor-element elementor-element-42431712\" data-id=\"42431712\" data-element_type=\"column\">\n\t\t\t<div class=\"elementor-widget-wrap elementor-element-populated\">\n\t\t\t\t\t\t<div class=\"elementor-element elementor-element-37a5aee1 coming-soon-heading elementor-widget elementor-widget-text-editor\" data-id=\"37a5aee1\" data-element_type=\"widget\" data-widget_type=\"text-editor.default\">\n\t\t\t\t<div class=\"elementor-widget-container\">\n\t\t\t\t\t\t\t\t\t<p>WEB S\u0130TES\u0130 YAPIM&nbsp;<\/p>\n<p>A\u015eAMASINDADIR<\/p>\t\t\t\t\t\t\t\t<\/div>\n\t\t\t\t<\/div>\n\t\t\t\t<div class=\"elementor-element elementor-element-77e18508 elementor-widget elementor-widget-heading\" data-id=\"77e18508\" data-element_type=\"widget\" data-widget_type=\"heading.default\">\n\t\t\t\t<div class=\"elementor-widget-container\">\n\t\t\t\t\t<h3 class=\"elementor-heading-title elementor-size-default\">YAKINDA<\/h3>\t\t\t\t<\/div>\n\t\t\t\t<\/div>\n\t\t<div class=\"elementor-element elementor-element-8012a44 e-flex e-con-boxed e-con e-parent\" data-id=\"8012a44\" data-element_type=\"container\">\n\t\t\t\t\t<div class=\"e-con-inner\">\n\t\t\t\t\t<\/div>\n\t\t\t\t<\/div>\n\t\t\t\t<div class=\"elementor-element elementor-element-5c13fe68 elementor-align-left elementor-widget elementor-widget-button\" data-id=\"5c13fe68\" data-element_type=\"widget\" data-widget_type=\"button.default\">\n\t\t\t\t<div class=\"elementor-widget-container\">\n\t\t\t\t\t\t\t\t\t<div class=\"elementor-button-wrapper\">\n\t\t\t\t\t<a class=\"elementor-button elementor-button-link elementor-size-sm\" href=\"mailto:info@vitruvex.com\" target=\"_blank\">\n\t\t\t\t\t\t<span class=\"elementor-button-content-wrapper\">\n\t\t\t\t\t\t\t\t\t<span class=\"elementor-button-text\">\u0130leti\u015fim i\u00e7in<\/span>\n\t\t\t\t\t<\/span>\n\t\t\t\t\t<\/a>\n\t\t\t\t<\/div>\n\t\t\t\t\t\t\t\t<\/div>\n\t\t\t\t<\/div>\n\t\t\t\t\t<\/div>\n\t\t<\/div>\n\t\t\t\t\t<\/div>\n\t\t<\/section>\n\t\t\t\t\t<\/div>\n\t\t<\/div>\n\t\t\t\t\t<\/div>\n\t\t<\/section>\n\t\t\t\t<\/div>\n\t\t","protected":false},"excerpt":{"rendered":"<p>WEB S\u0130TES\u0130 YAPIM&nbsp; A\u015eAMASINDADIR YAKINDA \u0130leti\u015fim i\u00e7in<\/p>\n","protected":false},"author":1,"featured_media":0,"parent":0,"menu_order":0,"comment_status":"closed","ping_status":"closed","template":"templates\/builder-fullwidth-std.php","meta":{"footnotes":""},"class_list":["post-15","page","type-page","status-publish","hentry"],"yoast_head":"<!-- This site is optimized with the Yoast SEO plugin v27.5 - https:\/\/yoast.com\/product\/yoast-seo-wordpress\/ -->\n<title>Coming Soon Five - Vitruvex Robotik Teknolojileri<\/title>\n<meta name=\"robots\" content=\"noindex, follow, max-snippet:-1, max-image-preview:large, max-video-preview:-1\" \/>\n<meta property=\"og:locale\" content=\"tr_TR\" \/>\n<meta property=\"og:type\" content=\"article\" \/>\n<meta property=\"og:title\" content=\"Coming Soon Five - Vitruvex Robotik Teknolojileri\" \/>\n<meta property=\"og:description\" content=\"WEB S\u0130TES\u0130 YAPIM&nbsp; A\u015eAMASINDADIR YAKINDA \u0130leti\u015fim i\u00e7in\" \/>\n<meta property=\"og:url\" content=\"https:\/\/vitruvex.com\/\" \/>\n<meta property=\"og:site_name\" content=\"Vitruvex Robotik Teknolojileri\" \/>\n<meta property=\"article:modified_time\" content=\"2025-11-23T12:40:21+00:00\" \/>\n<meta name=\"twitter:card\" content=\"summary_large_image\" \/>\n<script type=\"application\/ld+json\" class=\"yoast-schema-graph\">{\"@context\":\"https:\\\/\\\/schema.org\",\"@graph\":[{\"@type\":\"WebPage\",\"@id\":\"https:\\\/\\\/vitruvex.com\\\/\",\"url\":\"https:\\\/\\\/vitruvex.com\\\/\",\"name\":\"Coming Soon Five - Vitruvex Robotik Teknolojileri\",\"isPartOf\":{\"@id\":\"https:\\\/\\\/vitruvex.com\\\/#website\"},\"datePublished\":\"2024-05-27T13:06:28+00:00\",\"dateModified\":\"2025-11-23T12:40:21+00:00\",\"breadcrumb\":{\"@id\":\"https:\\\/\\\/vitruvex.com\\\/#breadcrumb\"},\"inLanguage\":\"tr\",\"potentialAction\":[{\"@type\":\"ReadAction\",\"target\":[\"https:\\\/\\\/vitruvex.com\\\/\"]}]},{\"@type\":\"BreadcrumbList\",\"@id\":\"https:\\\/\\\/vitruvex.com\\\/#breadcrumb\",\"itemListElement\":[{\"@type\":\"ListItem\",\"position\":1,\"name\":\"Anasayfa\",\"item\":\"https:\\\/\\\/vitruvex.com\\\/\"},{\"@type\":\"ListItem\",\"position\":2,\"name\":\"Coming Soon Five\"}]},{\"@type\":\"WebSite\",\"@id\":\"https:\\\/\\\/vitruvex.com\\\/#website\",\"url\":\"https:\\\/\\\/vitruvex.com\\\/\",\"name\":\"Vitruvex\",\"description\":\"&quot;We combine technology and life with innovation.&quot;\",\"publisher\":{\"@id\":\"https:\\\/\\\/vitruvex.com\\\/#organization\"},\"potentialAction\":[{\"@type\":\"SearchAction\",\"target\":{\"@type\":\"EntryPoint\",\"urlTemplate\":\"https:\\\/\\\/vitruvex.com\\\/?s={search_term_string}\"},\"query-input\":{\"@type\":\"PropertyValueSpecification\",\"valueRequired\":true,\"valueName\":\"search_term_string\"}}],\"inLanguage\":\"tr\"},{\"@type\":\"Organization\",\"@id\":\"https:\\\/\\\/vitruvex.com\\\/#organization\",\"name\":\"Vitruvex Robotik Teknolojileri\",\"url\":\"https:\\\/\\\/vitruvex.com\\\/\",\"logo\":{\"@type\":\"ImageObject\",\"inLanguage\":\"tr\",\"@id\":\"https:\\\/\\\/vitruvex.com\\\/#\\\/schema\\\/logo\\\/image\\\/\",\"url\":\"https:\\\/\\\/vitruvex.com\\\/wp-content\\\/uploads\\\/2024\\\/08\\\/cropped-Logo-1.png\",\"contentUrl\":\"https:\\\/\\\/vitruvex.com\\\/wp-content\\\/uploads\\\/2024\\\/08\\\/cropped-Logo-1.png\",\"width\":135,\"height\":135,\"caption\":\"Vitruvex Robotik Teknolojileri\"},\"image\":{\"@id\":\"https:\\\/\\\/vitruvex.com\\\/#\\\/schema\\\/logo\\\/image\\\/\"}}]}<\/script>\n<!-- \/ Yoast SEO plugin. -->","yoast_head_json":{"title":"Coming Soon Five - Vitruvex Robotik Teknolojileri","robots":{"index":"noindex","follow":"follow","max-snippet":"max-snippet:-1","max-image-preview":"max-image-preview:large","max-video-preview":"max-video-preview:-1"},"og_locale":"tr_TR","og_type":"article","og_title":"Coming Soon Five - Vitruvex Robotik Teknolojileri","og_description":"WEB S\u0130TES\u0130 YAPIM&nbsp; A\u015eAMASINDADIR YAKINDA \u0130leti\u015fim i\u00e7in","og_url":"https:\/\/vitruvex.com\/","og_site_name":"Vitruvex Robotik Teknolojileri","article_modified_time":"2025-11-23T12:40:21+00:00","twitter_card":"summary_large_image","schema":{"@context":"https:\/\/schema.org","@graph":[{"@type":"WebPage","@id":"https:\/\/vitruvex.com\/","url":"https:\/\/vitruvex.com\/","name":"Coming Soon Five - Vitruvex Robotik Teknolojileri","isPartOf":{"@id":"https:\/\/vitruvex.com\/#website"},"datePublished":"2024-05-27T13:06:28+00:00","dateModified":"2025-11-23T12:40:21+00:00","breadcrumb":{"@id":"https:\/\/vitruvex.com\/#breadcrumb"},"inLanguage":"tr","potentialAction":[{"@type":"ReadAction","target":["https:\/\/vitruvex.com\/"]}]},{"@type":"BreadcrumbList","@id":"https:\/\/vitruvex.com\/#breadcrumb","itemListElement":[{"@type":"ListItem","position":1,"name":"Anasayfa","item":"https:\/\/vitruvex.com\/"},{"@type":"ListItem","position":2,"name":"Coming Soon Five"}]},{"@type":"WebSite","@id":"https:\/\/vitruvex.com\/#website","url":"https:\/\/vitruvex.com\/","name":"Vitruvex","description":"&quot;We combine technology and life with innovation.&quot;","publisher":{"@id":"https:\/\/vitruvex.com\/#organization"},"potentialAction":[{"@type":"SearchAction","target":{"@type":"EntryPoint","urlTemplate":"https:\/\/vitruvex.com\/?s={search_term_string}"},"query-input":{"@type":"PropertyValueSpecification","valueRequired":true,"valueName":"search_term_string"}}],"inLanguage":"tr"},{"@type":"Organization","@id":"https:\/\/vitruvex.com\/#organization","name":"Vitruvex Robotik Teknolojileri","url":"https:\/\/vitruvex.com\/","logo":{"@type":"ImageObject","inLanguage":"tr","@id":"https:\/\/vitruvex.com\/#\/schema\/logo\/image\/","url":"https:\/\/vitruvex.com\/wp-content\/uploads\/2024\/08\/cropped-Logo-1.png","contentUrl":"https:\/\/vitruvex.com\/wp-content\/uploads\/2024\/08\/cropped-Logo-1.png","width":135,"height":135,"caption":"Vitruvex Robotik Teknolojileri"},"image":{"@id":"https:\/\/vitruvex.com\/#\/schema\/logo\/image\/"}}]}},"_links":{"self":[{"href":"https:\/\/vitruvex.com\/index.php?rest_route=\/wp\/v2\/pages\/15","targetHints":{"allow":["GET"]}}],"collection":[{"href":"https:\/\/vitruvex.com\/index.php?rest_route=\/wp\/v2\/pages"}],"about":[{"href":"https:\/\/vitruvex.com\/index.php?rest_route=\/wp\/v2\/types\/page"}],"author":[{"embeddable":true,"href":"https:\/\/vitruvex.com\/index.php?rest_route=\/wp\/v2\/users\/1"}],"replies":[{"embeddable":true,"href":"https:\/\/vitruvex.com\/index.php?rest_route=%2Fwp%2Fv2%2Fcomments&post=15"}],"version-history":[{"count":111,"href":"https:\/\/vitruvex.com\/index.php?rest_route=\/wp\/v2\/pages\/15\/revisions"}],"predecessor-version":[{"id":181,"href":"https:\/\/vitruvex.com\/index.php?rest_route=\/wp\/v2\/pages\/15\/revisions\/181"}],"wp:attachment":[{"href":"https:\/\/vitruvex.com\/index.php?rest_route=%2Fwp%2Fv2%2Fmedia&parent=15"}],"curies":[{"name":"wp","href":"https:\/\/api.w.org\/{rel}","templated":true}]}}